{"id":11607,"date":"2022-02-14T18:25:40","date_gmt":"2022-02-14T23:25:40","guid":{"rendered":"https:\/\/psymontreal.com\/?page_id=11607"},"modified":"2023-08-23T04:34:38","modified_gmt":"2023-08-23T08:34:38","slug":"client-list","status":"publish","type":"page","link":"https:\/\/psymontreal.com\/en\/client-list\/","title":{"rendered":"Client list"},"content":{"rendered":"<h2 style=\"\">Partial Client List<\/h2>\n<p>Our clients are small, medium, and large organizations, both public and private, including universities, hospitals, and government agencies.<\/p>\n<ul>\n<li><span>Actiforme, clinique de kin\u00e9siologie<\/span><\/li>\n<li><span>Agence de d\u00e9veloppement de r\u00e9seaux locaux de services de sant\u00e9 et de services sociaux (ADRSSS) Mont\u00e9r\u00e9gie<\/span><\/li>\n<li><span>Agence de la sant\u00e9 et des services sociaux de la Capitale-Nationale<\/span><\/li>\n<li><span>Agence de la sant\u00e9 et des services sociaux de la C\u00f4te-Nord<\/span><\/li>\n<li><span>Agence de la sant\u00e9 et des services sociaux de Lanaudi\u00e8re, Direction de la sant\u00e9 publique Joliette<\/span><\/li>\n<li><span>Agence de la sant\u00e9 et des services sociaux du Bas St-Laurent<\/span><\/li>\n<li><span>Agence de la sant\u00e9 et des services sociaux des Laurentides<\/span><\/li>\n<li><span>Association des infirmi\u00e8res et des infirmiers en sant\u00e9 du travail du Qu\u00e9bec<\/span><\/li>\n<li><span>Association pulmonaire du Qu\u00e9bec<\/span><\/li>\n<li><span>Centre de recherche de l\u2019Institut universitaire de cardiologie et de pneumologie de Qu\u00e9bec, H\u00f4pital Laval<\/span><\/li>\n<li><span>Centre hospitalier universitaire de Qu\u00e9bec<\/span><\/li>\n<li><span>Centre jeunesse de Montr\u00e9al<\/span><\/li>\n<li><span>Centre M\u00e9dical Cardiogenix<\/span><\/li>\n<li><span>Centre universitaire de sant\u00e9 McGill, H\u00f4pital Montr\u00e9al G\u00e9n\u00e9ral<\/span><\/li>\n<li><span>Centre universitaire de sant\u00e9 McGill, Institut thoracique de Montr\u00e9al<\/span><\/li>\n<li><span>Centres d\u2019adoption de saines habitudes de vie \u2013 Direction de la sant\u00e9 publique des Laurentides<\/span><\/li>\n<li><span>Congr\u00e8s Annuel de l\u2019Ordre des psychologues du Qu\u00e9bec<\/span><\/li>\n<li><span>CSSS de la Pointe-de-l\u2019\u00eele, Sant\u00e9 au travail<\/span><\/li>\n<li><span>CSSS Saint-L\u00e9onard et Saint-Michel<\/span><\/li>\n<li><span>Diab\u00e8te Qu\u00e9bec<\/span><\/li>\n<li><span>Direction de la sant\u00e9 publique Cree<\/span><\/li>\n<li><span>Direction de la sant\u00e9 publique de l\u2019Outaouais<\/span><\/li>\n<li><span>Direction de la sant\u00e9 publique de Montr\u00e9al Centre<\/span><\/li>\n<li><span>Direction de la sant\u00e9 publique Montr\u00e9al Centre<\/span><\/li>\n<li><span>FERASI, Sciences infirmi\u00e8res McGill et Universit\u00e9 de Montr\u00e9al<\/span><\/li>\n<li><span>GlaxoSmithKline<\/span><\/li>\n<li><span>Groupe Harmonie Sant\u00e9<\/span><\/li>\n<li><span>H\u00f4pital Louis-H. Lafontaine<\/span><\/li>\n<li><span>H\u00f4pital de Montr\u00e9al pour enfants du CUSM<\/span><\/li>\n<li><span>Institut des nutraceutiques et des aliments fonctionnels, Universit\u00e9 Laval<\/span><\/li>\n<li><span>Institut de r\u00e9adaptation en d\u00e9ficience physique de Qu\u00e9bec<\/span><\/li>\n<li><span>Institut National de la Sant\u00e9 Publique du Qu\u00e9bec \u2013 Les infections transmissibles sexuellement et par le sang (ITSS)<\/span><\/li>\n<li><span>Johnson &amp; Johnson<\/span><\/li>\n<li><span>Journ\u00e9e provinciale de Fibrose Kystique<\/span><\/li>\n<li><span>Kateri Memorial Hospital Centre<\/span><\/li>\n<li><span>Le far, maison d\u2019h\u00e9bergement pour femmes en difficult\u00e9 et victimes de violence<\/span><\/li>\n<li><span>Minist\u00e8re de la Sant\u00e9 et des Services sociaux (MSSS), Direction de sant\u00e9 publique et d\u2019\u00e9valuation (DSP\u00c9) de Lanaudi\u00e8re, Centres d\u2019abandon du tabagisme<\/span><\/li>\n<li><span>National Indian and Inuit Community Health Representatives Organization<\/span><\/li>\n<li><span>Ordre des infirmi\u00e8res et infirmiers du Qu\u00e9bec<\/span><\/li>\n<li><span>Pfizer<\/span><\/li>\n<li><span>R\u00e9adaptation Intergo<\/span><\/li>\n<li><span>R\u00e9gie r\u00e9gionale des Laurentides<\/span><\/li>\n<li><span>R\u00e9seau qu\u00e9b\u00e9cois de l\u2019asthme et de la MPOC (RQAM)<\/span><\/li>\n<li><span>Service correctionnel du Canada<\/span><\/li>\n<li><span>Soci\u00e9t\u00e9 canadienne du cancer<\/span><\/li>\n<li><span>SOLAREH (programme d\u2019aide aux employ\u00e9s et aux gestionnaires)<\/span><\/li>\n<li><span>SRSAD (Service r\u00e9gional de soins respiratoires \u00e0 domicile)<\/span><\/li>\n<li><span>Teva Neuroscience<\/span><\/li>\n<li><span>Universit\u00e9 McGill, School of Nursing<\/span><\/li>\n<\/ul>\n","protected":false},"excerpt":{"rendered":"<p>Partial Client List Our clients are small, medium, and large organizations, both public and private, including universities, hospitals, and government agencies. Actiforme, clinique de kin\u00e9siologie Agence de d\u00e9veloppement de r\u00e9seaux locaux de services de sant\u00e9 et de services sociaux (ADRSSS) Mont\u00e9r\u00e9gie Agence de la sant\u00e9 et des services sociaux de la Capitale-Nationale Agence de la [&hellip;]<\/p>\n","protected":false},"author":1,"featured_media":0,"parent":0,"menu_order":0,"comment_status":"closed","ping_status":"closed","template":"","meta":{"_acf_changed":false,"_uag_custom_page_level_css":"","site-sidebar-layout":"default","site-content-layout":"","ast-site-content-layout":"default","site-content-style":"default","site-sidebar-style":"default","ast-global-header-display":"","ast-banner-title-visibility":"","ast-main-header-display":"","ast-hfb-above-header-display":"","ast-hfb-below-header-display":"","ast-hfb-mobile-header-display":"","site-post-title":"","ast-breadcrumbs-content":"","ast-featured-img":"","footer-sml-layout":"","ast-disable-related-posts":"","theme-transparent-header-meta":"","adv-header-id-meta":"","stick-header-meta":"","header-above-stick-meta":"","header-main-stick-meta":"","header-below-stick-meta":"","astra-migrate-meta-layouts":"default","ast-page-background-enabled":"default","ast-page-background-meta":{"desktop":{"background-color":"var(--ast-global-color-4)","background-image":"","background-repeat":"repeat","background-position":"center center","background-size":"auto","background-attachment":"scroll","background-type":"","background-media":"","overlay-type":"","overlay-color":"","overlay-opacity":"","overlay-gradient":""},"tablet":{"background-color":"","background-image":"","background-repeat":"repeat","background-position":"center center","background-size":"auto","background-attachment":"scroll","background-type":"","background-media":"","overlay-type":"","overlay-color":"","overlay-opacity":"","overlay-gradient":""},"mobile":{"background-color":"","background-image":"","background-repeat":"repeat","background-position":"center center","background-size":"auto","background-attachment":"scroll","background-type":"","background-media":"","overlay-type":"","overlay-color":"","overlay-opacity":"","overlay-gradient":""}},"ast-content-background-meta":{"desktop":{"background-color":"var(--ast-global-color-5)","background-image":"","background-repeat":"repeat","background-position":"center center","background-size":"auto","background-attachment":"scroll","background-type":"","background-media":"","overlay-type":"","overlay-color":"","overlay-opacity":"","overlay-gradient":""},"tablet":{"background-color":"var(--ast-global-color-5)","background-image":"","background-repeat":"repeat","background-position":"center center","background-size":"auto","background-attachment":"scroll","background-type":"","background-media":"","overlay-type":"","overlay-color":"","overlay-opacity":"","overlay-gradient":""},"mobile":{"background-color":"var(--ast-global-color-5)","background-image":"","background-repeat":"repeat","background-position":"center center","background-size":"auto","background-attachment":"scroll","background-type":"","background-media":"","overlay-type":"","overlay-color":"","overlay-opacity":"","overlay-gradient":""}},"footnotes":""},"class_list":["post-11607","page","type-page","status-publish","hentry"],"acf":[],"uagb_featured_image_src":{"full":false,"thumbnail":false,"medium":false,"medium_large":false,"large":false,"1536x1536":false,"2048x2048":false,"_nx_notification_thumb_100_100":false,"_nx_notification_thumb_200_200":false,"_nx_notification_thumb_300_300":false,"_nx_notification_thumb_400_400":false,"_nx_notification_thumb_500_500":false},"uagb_author_info":{"display_name":"PsyMontr\u00e9al","author_link":"https:\/\/psymontreal.com\/en\/author\/a5-pm-31\/"},"uagb_comment_info":0,"uagb_excerpt":"Partial Client List Our clients are small, medium, and large organizations, both public and private, including universities, hospitals, and government agencies. Actiforme, clinique de kin\u00e9siologie Agence de d\u00e9veloppement de r\u00e9seaux locaux de services de sant\u00e9 et de services sociaux (ADRSSS) Mont\u00e9r\u00e9gie Agence de la sant\u00e9 et des services sociaux de la Capitale-Nationale Agence de la&hellip;","_links":{"self":[{"href":"https:\/\/psymontreal.com\/en\/wp-json\/wp\/v2\/pages\/11607","targetHints":{"allow":["GET"]}}],"collection":[{"href":"https:\/\/psymontreal.com\/en\/wp-json\/wp\/v2\/pages"}],"about":[{"href":"https:\/\/psymontreal.com\/en\/wp-json\/wp\/v2\/types\/page"}],"author":[{"embeddable":true,"href":"https:\/\/psymontreal.com\/en\/wp-json\/wp\/v2\/users\/1"}],"replies":[{"embeddable":true,"href":"https:\/\/psymontreal.com\/en\/wp-json\/wp\/v2\/comments?post=11607"}],"version-history":[{"count":0,"href":"https:\/\/psymontreal.com\/en\/wp-json\/wp\/v2\/pages\/11607\/revisions"}],"wp:attachment":[{"href":"https:\/\/psymontreal.com\/en\/wp-json\/wp\/v2\/media?parent=11607"}],"curies":[{"name":"wp","href":"https:\/\/api.w.org\/{rel}","templated":true}]}}