{"id":11915,"date":"2022-02-16T01:27:37","date_gmt":"2022-02-16T06:27:37","guid":{"rendered":"https:\/\/psymontreal.com\/?page_id=11915"},"modified":"2025-06-11T13:23:52","modified_gmt":"2025-06-11T17:23:52","slug":"resources-motivational-interviewing","status":"publish","type":"page","link":"https:\/\/psymontreal.com\/en\/resources-motivational-interviewing\/","title":{"rendered":"Resources &#8211; motivational interviewing"},"content":{"rendered":"<h1>Resources &#8211; motivational interviewing<\/h1>\n<h2>This page lists<\/h2>\n<ul>\n<li><span>Links to websites and articles describing motivational interviewing<\/span><\/li>\n<li><span>A list of every scientific publication on Motivational Interviewing since the first one in 1983<\/span><\/li>\n<li><span>A list of essential books in Motivational Interviewing<\/span><\/li>\n<li><span>Contact information for training videos in Motivational Interviewing<\/span><\/li>\n<li><span>Tools for the use of Health Care Professionals<\/span><\/li>\n<li><span>Tools for the use of clients<\/span><\/li>\n<li><span>A free three hour training video on Motivational Interviewing<\/span><\/li>\n<\/ul>\n<h2>Articles Describing Motivational Interviewing<\/h2>\n<ul>\n<li><span><a href=\"https:\/\/psymontreal.com\/ressources-entrevue-motivationnelle\/article-assaad-kayser-zozula-gelineau-psychologie-quebec-mai2010\/\" target=\"_blank\">Article \u2013 Assaad-Kayser-Zozula-Gelineau- Psychologie Quebec&nbsp;<\/a><\/span><\/li>\n<li><span><a href=\"https:\/\/psymontreal.com\/ressources-entrevue-motivationnelle\/article_survol_des_ecrits_entrevue_motivationnelle_et_habitudes_de_vie_hovington_et_assaad\/\" target=\"_blank\">Entrevue motivationnelle &amp; habitudes de vie \u2013 Survol des \u00e9crits&nbsp;<\/a><\/span><\/li>\n<li><span><a href=\"https:\/\/psymontreal.com\/ressources-entrevue-motivationnelle\/article_le_changement_par_lecoute_kayser_assaad_et_al\/\" target=\"_blank\">Kayser, Assaad, et al. \u2013 Le changement par l\u2019\u00e9coute \u2013 Perspective infirmi\u00e8re \u2013 &nbsp;vol.5 no.5<\/a><\/span><\/li>\n<li><span><a href=\"https:\/\/psymontreal.com\/ressources-entrevue-motivationnelle\/article-entrevue-motivationnelle-assaad-kayser-oiiq-2006\/\" target=\"_blank\">Article \u2013 Entrevue motivationnelle \u2013 Assaad-Kayser \u2013 OIIQ&nbsp;<\/a><\/span><\/li>\n<li><span><a href=\"https:\/\/psymontreal.com\/ressources-entrevue-motivationnelle\/article-assaad-kayser-linhalo-vol-23no-3-english-sept2006\/\" target=\"_blank\">Article \u2013 Assaad-Kayser \u2013 l\u2019inhalo vol.23no.3 \u2013 English&nbsp;<\/a><\/span><\/li>\n<li><span><a href=\"https:\/\/psymontreal.com\/ressources-entrevue-motivationnelle\/article-arreter-de-fumer\/\" target=\"_blank\">McIvor.Kayser.Assaad \u2013 Smoking Cessation Article \u2013 Canadian Respiratory Journal 16(4).129-134<\/a><\/span><\/li>\n<li><span>Glynn, L. H., &amp; Moyers, T. B. (2010). Chasing change talk: the clinician\u2019s role in evoking client language about change. J Subst Abuse Treat, 39(1), 65-70.<\/span><\/li>\n<li><span>Miller, W. R., &amp; Rose, G. S. (2009). Toward a theory of motivational interviewing. Am Psychol, 64(6), 527-537.<\/span><\/li>\n<li><span>Hettema, J., Steele, J., &amp; Miller, W. R.. (2005). Motivational interviewing. Annual Review of Clinical Psychology, 1, 91-111.<\/span><\/li>\n<\/ul>\n<h2>Websites Describing Motivational Interviewing<\/h2>\n<ul>\n<li><span><a href=\"https:\/\/www.stephenrollnick.com\/\" target=\"_blank\" rel=\"nofollow\">Stephen Rollnick : one of the founders of motivational interviewing<\/a><\/span><\/li>\n<li><span><a href=\"https:\/\/en.wikipedia.org\/wiki\/Motivational_interviewing\" target=\"_blank\" rel=\"nofollow\">Wikipedia (anglais)<\/a><\/span><\/li>\n<\/ul>\n<h2>Complete list of scientific publications on Motivational Interviewing from the first one in 1983 to 2010<\/h2>\n<ul>\n<li><span><a href=\"https:\/\/9e605fc1-a-62cb3a1a-s-sites.googlegroups.com\/site\/formationspsymontreal\/course-materials\/MI-Publications-1983-SEPT2013-EN.pdf?attachauth=ANoY7crvLmdi9p95sA_2R7Te7TkTWzVi7KuLAzTk9eHwIoih4S7fubJYj908HBMw4fc5jXtF7GgoOxSmk4EYnRMCXPaiSEf6ez_FdSb-p_KdzwtDUR62pP-PHZyElYLtNL_DacWLRb9UNDy0YyTupMgcsIXW7woRZzUXdm08ZIHPqCi-II1Kx_WhREfS56qEsOJSoYS3Q4SsGQsa-SIUlhFMGOhHBR34Rz4UYKL1tXM6ff-ijEmuDPkHXVx3weUftJzx85ws6E2b-55oAOSz_sDA-HliORBgPg%3D%3D&amp;attredirects=0\" target=\"_blank\" rel=\"nofollow\">Consult list<\/a> (in pdf)<\/span><\/li>\n<\/ul>\n<h2>List of essential books in motivational interviewing<\/h2>\n<ul>\n<li><span>Miller, W. R., &amp; Rollnick, S.&nbsp;<em>Motivational Interviewing, Fourth Edition: Helping People Change and Grow<\/em> (2023). Guilford Press.<\/span><\/li>\n<li><span>Miller, W. R., &amp; Rollnick, S. Motivational interviewing: Preparing people for change (2nd ed.) (2002). New York: Guilford Press.<\/span><\/li>\n<li><span>Miller, W. R., &amp; Rollnick, S. (1991). Motivational interviewing: Preparing people to change addictive behavior. New York: Guilford Press.<\/span><\/li>\n<li><span>Miller, W. R., &amp; Rollnick, S. L\u2019entretien motivationnel, 3e \u00e9d. (2024). Intereditions.<\/span><\/li>\n<li><span>Rollnick, S., Miller, W. R. &amp; Butler, C.C. (2009) Pratique de l\u2019entretien motivationnel : Communiquer avec le patient en consultation. Paris : Intereditions.<\/span><\/li>\n<li><span>Faber, A., Mazlish, E. How to talk so kids will listen &amp; listen so kids will talk. (2012). New York: Scribner.<\/span><\/li>\n<li><span>Karp, H. The happiest toddler on the block. (2004). New York: Bantam Books<\/span><\/li>\n<li><span>Voss, C. Never split the difference. (2016). New York: Harper Business.<\/span><\/li>\n<\/ul>\n<h2>Tools for Health Care Professionals<\/h2>\n<ul>\n<li><span>Tools available&nbsp;<a href=\"https:\/\/psymontreal.com\/en\/for-health-care-professionals\/\">here<\/a>&nbsp;(French)<\/span><\/li>\n<\/ul>\n<h2>Tools for clients<\/h2>\n<ul>\n<li><span>Tools available <a href=\"https:\/\/psymontreal.com\/en\/help-motivate-yourself\/\">here <span><span>(French)<\/span><\/span>&nbsp;<\/a><\/span><\/li>\n<\/ul>\n<h2>Free Training Video<\/h2>\n<p>A three hour introduction to Motivational Interviewing Training Video by Jean-Marc Assaad, psychologist. This training video was recorded as part of an Empowering Diabetes Management in Youth conference at McGill University, but the principles and methods described in the video are applicable to all health behavior changeClick here to acces our&nbsp;<a href=\"https:\/\/www.youtube.com\/user\/PsychologueMontreal\" target=\"_blank\">YouTube channel<\/a>.<\/p>\n<h2>Training videos on Motivational Interviewing<\/h2>\n<p>Motivational Interviewing: Professional Training Series, 1998. William R. Miller &amp; Stephen Rollnick. Directed by Theresa B. Moyers.<\/p>\n<p>\u201cThis series of six videotapes or two DVDs, produced at the University of New Mexico, is intended to be used as a resource in professional training, offering six hours of clear explanation and practical modeling of component skills. Because it is helpful to see how a method is practiced in various contexts, the tapes include clinical demonstrations of the skills of motivational interviewing, showing ten different therapists working with twelve clients who bring a variety of problems. Drs. Miller and Rollnick are deeply grateful to Terri Moyers, who volunteered many weeks of her time for the planning, directing, editing, and completion of these tapes.\u201dTo order contact:<\/p>\n<p>Delilah YaoUNM\/CASAA2650 Yale SEAlbuquerque, NM 87106 USAT\u00e9l\u00e9phone : 1-505 925-2378T\u00e9l\u00e9copieur : 1-505 925-2379Courriel : dyao@unm.edu<\/p>\n","protected":false},"excerpt":{"rendered":"<p>Resources &#8211; motivational interviewing This page lists Links to websites and articles describing motivational interviewing A list of every scientific publication on Motivational Interviewing since the first one in 1983 A list of essential books in Motivational Interviewing Contact information for training videos in Motivational Interviewing Tools for the use of Health Care Professionals Tools [&hellip;]<\/p>\n","protected":false},"author":1,"featured_media":0,"parent":0,"menu_order":0,"comment_status":"closed","ping_status":"closed","template":"","meta":{"_acf_changed":false,"_uag_custom_page_level_css":"","site-sidebar-layout":"default","site-content-layout":"","ast-site-content-layout":"default","site-content-style":"default","site-sidebar-style":"default","ast-global-header-display":"","ast-banner-title-visibility":"","ast-main-header-display":"","ast-hfb-above-header-display":"","ast-hfb-below-header-display":"","ast-hfb-mobile-header-display":"","site-post-title":"","ast-breadcrumbs-content":"","ast-featured-img":"","footer-sml-layout":"","ast-disable-related-posts":"","theme-transparent-header-meta":"","adv-header-id-meta":"","stick-header-meta":"","header-above-stick-meta":"","header-main-stick-meta":"","header-below-stick-meta":"","astra-migrate-meta-layouts":"default","ast-page-background-enabled":"default","ast-page-background-meta":{"desktop":{"background-color":"var(--ast-global-color-4)","background-image":"","background-repeat":"repeat","background-position":"center center","background-size":"auto","background-attachment":"scroll","background-type":"","background-media":"","overlay-type":"","overlay-color":"","overlay-opacity":"","overlay-gradient":""},"tablet":{"background-color":"","background-image":"","background-repeat":"repeat","background-position":"center center","background-size":"auto","background-attachment":"scroll","background-type":"","background-media":"","overlay-type":"","overlay-color":"","overlay-opacity":"","overlay-gradient":""},"mobile":{"background-color":"","background-image":"","background-repeat":"repeat","background-position":"center center","background-size":"auto","background-attachment":"scroll","background-type":"","background-media":"","overlay-type":"","overlay-color":"","overlay-opacity":"","overlay-gradient":""}},"ast-content-background-meta":{"desktop":{"background-color":"var(--ast-global-color-5)","background-image":"","background-repeat":"repeat","background-position":"center center","background-size":"auto","background-attachment":"scroll","background-type":"","background-media":"","overlay-type":"","overlay-color":"","overlay-opacity":"","overlay-gradient":""},"tablet":{"background-color":"var(--ast-global-color-5)","background-image":"","background-repeat":"repeat","background-position":"center center","background-size":"auto","background-attachment":"scroll","background-type":"","background-media":"","overlay-type":"","overlay-color":"","overlay-opacity":"","overlay-gradient":""},"mobile":{"background-color":"var(--ast-global-color-5)","background-image":"","background-repeat":"repeat","background-position":"center center","background-size":"auto","background-attachment":"scroll","background-type":"","background-media":"","overlay-type":"","overlay-color":"","overlay-opacity":"","overlay-gradient":""}},"footnotes":""},"class_list":["post-11915","page","type-page","status-publish","hentry"],"acf":[],"uagb_featured_image_src":{"full":false,"thumbnail":false,"medium":false,"medium_large":false,"large":false,"1536x1536":false,"2048x2048":false,"_nx_notification_thumb_100_100":false,"_nx_notification_thumb_200_200":false,"_nx_notification_thumb_300_300":false,"_nx_notification_thumb_400_400":false,"_nx_notification_thumb_500_500":false},"uagb_author_info":{"display_name":"PsyMontr\u00e9al","author_link":"https:\/\/psymontreal.com\/en\/author\/a5-pm-31\/"},"uagb_comment_info":0,"uagb_excerpt":"Resources &#8211; motivational interviewing This page lists Links to websites and articles describing motivational interviewing A list of every scientific publication on Motivational Interviewing since the first one in 1983 A list of essential books in Motivational Interviewing Contact information for training videos in Motivational Interviewing Tools for the use of Health Care Professionals Tools&hellip;","_links":{"self":[{"href":"https:\/\/psymontreal.com\/en\/wp-json\/wp\/v2\/pages\/11915","targetHints":{"allow":["GET"]}}],"collection":[{"href":"https:\/\/psymontreal.com\/en\/wp-json\/wp\/v2\/pages"}],"about":[{"href":"https:\/\/psymontreal.com\/en\/wp-json\/wp\/v2\/types\/page"}],"author":[{"embeddable":true,"href":"https:\/\/psymontreal.com\/en\/wp-json\/wp\/v2\/users\/1"}],"replies":[{"embeddable":true,"href":"https:\/\/psymontreal.com\/en\/wp-json\/wp\/v2\/comments?post=11915"}],"version-history":[{"count":0,"href":"https:\/\/psymontreal.com\/en\/wp-json\/wp\/v2\/pages\/11915\/revisions"}],"wp:attachment":[{"href":"https:\/\/psymontreal.com\/en\/wp-json\/wp\/v2\/media?parent=11915"}],"curies":[{"name":"wp","href":"https:\/\/api.w.org\/{rel}","templated":true}]}}