{"id":209,"date":"2023-04-28T17:17:04","date_gmt":"2023-04-28T21:17:04","guid":{"rendered":"https:\/\/psymontreal.com\/rendez-vous\/?page_id=209"},"modified":"2023-10-13T14:19:23","modified_gmt":"2023-10-13T18:19:23","slug":"qfmb590","status":"publish","type":"page","link":"https:\/\/psymontreal.com\/rendez-vous\/qfmb590\/","title":{"rendered":"M\u00e9lanie Bourdette \u2013 FR \u2013 Students"},"content":{"rendered":"<p><span><img decoding=\"async\" alt=\"\" data-id=\"207\" width=\"279\" data-init-width=\"300\" data-init-height=\"300\" title=\"\" loading=\"lazy\" src=\"https:\/\/psymontreal.com\/rendez-vous\/wp-content\/uploads\/sites\/5\/2023\/04\/m-bourdette.jpg\" data-width=\"279\" style=\"aspect-ratio: auto 300 \/ 300\" height=\"300\"><\/span><\/p>\n<p><strong>M\u00e9lanie Bourdette<\/strong><\/p>\n<p>Ma\u00eetrise en psychologie de la sant\u00e9, Candidate par voie d\u2019\u00e9quivalence<\/p>\n<p><strong>Services offerts:<\/strong><\/p>\n<ul>\n<li><span>par t\u00e9l\u00e9phone<\/span><\/li>\n<li><span>par vid\u00e9oconf\u00e9rence<\/span><\/li>\n<li><span>en personne<\/span><\/li>\n<\/ul>\n<p style=\"text-align: left\">Accepte des nouveaux clients<\/p>\n<p style=\"text-align: left\"><strong>services POUR \u00e9tudiants<\/strong><\/p>\n<p><strong>Services de th\u00e9rapie:<\/strong> Anxi\u00e9t\u00e9 | Stress, D\u00e9pression, Difficult\u00e9s relationnelles, Crises de panique | Trouble panique, Identit\u00e9 et expression de genre, Surmenage | \u00c9puisement professionnel, Traumatisme | Agression, Trouble bipolaire | Sautes d\u2019humeur, Trouble de personnalit\u00e9 limite (TPL), Trouble obsessionnel compulsif (TOC)<\/p>\n","protected":false},"excerpt":{"rendered":"<p>M\u00e9lanie Bourdette Ma\u00eetrise en psychologie de la sant\u00e9, Candidate par voie d\u2019\u00e9quivalence Services offerts: par t\u00e9l\u00e9phone par vid\u00e9oconf\u00e9rence en personne Accepte des nouveaux clients services POUR \u00e9tudiants Services de th\u00e9rapie: Anxi\u00e9t\u00e9 | Stress, D\u00e9pression, Difficult\u00e9s relationnelles, Crises de panique | Trouble panique, Identit\u00e9 et expression de genre, Surmenage | \u00c9puisement professionnel, Traumatisme | Agression, Trouble [&hellip;]<\/p>\n","protected":false},"author":1,"featured_media":0,"parent":0,"menu_order":0,"comment_status":"closed","ping_status":"closed","template":"","meta":{"_uag_custom_page_level_css":"","site-sidebar-layout":"default","site-content-layout":"","ast-site-content-layout":"default","site-content-style":"default","site-sidebar-style":"default","ast-global-header-display":"","ast-banner-title-visibility":"","ast-main-header-display":"","ast-hfb-above-header-display":"","ast-hfb-below-header-display":"","ast-hfb-mobile-header-display":"","site-post-title":"disabled","ast-breadcrumbs-content":"","ast-featured-img":"","footer-sml-layout":"","ast-disable-related-posts":"","theme-transparent-header-meta":"","adv-header-id-meta":"","stick-header-meta":"","header-above-stick-meta":"","header-main-stick-meta":"","header-below-stick-meta":"","astra-migrate-meta-layouts":"default","ast-page-background-enabled":"default","ast-page-background-meta":{"desktop":{"background-color":"var(--ast-global-color-4)","background-image":"","background-repeat":"repeat","background-position":"center center","background-size":"auto","background-attachment":"scroll","background-type":"","background-media":"","overlay-type":"","overlay-color":"","overlay-opacity":"","overlay-gradient":""},"tablet":{"background-color":"","background-image":"","background-repeat":"repeat","background-position":"center center","background-size":"auto","background-attachment":"scroll","background-type":"","background-media":"","overlay-type":"","overlay-color":"","overlay-opacity":"","overlay-gradient":""},"mobile":{"background-color":"","background-image":"","background-repeat":"repeat","background-position":"center center","background-size":"auto","background-attachment":"scroll","background-type":"","background-media":"","overlay-type":"","overlay-color":"","overlay-opacity":"","overlay-gradient":""}},"ast-content-background-meta":{"desktop":{"background-color":"var(--ast-global-color-5)","background-image":"","background-repeat":"repeat","background-position":"center center","background-size":"auto","background-attachment":"scroll","background-type":"","background-media":"","overlay-type":"","overlay-color":"","overlay-opacity":"","overlay-gradient":""},"tablet":{"background-color":"var(--ast-global-color-5)","background-image":"","background-repeat":"repeat","background-position":"center center","background-size":"auto","background-attachment":"scroll","background-type":"","background-media":"","overlay-type":"","overlay-color":"","overlay-opacity":"","overlay-gradient":""},"mobile":{"background-color":"var(--ast-global-color-5)","background-image":"","background-repeat":"repeat","background-position":"center center","background-size":"auto","background-attachment":"scroll","background-type":"","background-media":"","overlay-type":"","overlay-color":"","overlay-opacity":"","overlay-gradient":""}},"footnotes":""},"class_list":["post-209","page","type-page","status-publish","hentry"],"uagb_featured_image_src":{"full":false,"thumbnail":false,"medium":false,"medium_large":false,"large":false,"1536x1536":false,"2048x2048":false},"uagb_author_info":{"display_name":"PsyMontr\u00e9al","author_link":"https:\/\/psymontreal.com\/rendez-vous\/author\/a5-pm-31\/"},"uagb_comment_info":0,"uagb_excerpt":"M\u00e9lanie Bourdette Ma\u00eetrise en psychologie de la sant\u00e9, Candidate par voie d\u2019\u00e9quivalence Services offerts: par t\u00e9l\u00e9phone par vid\u00e9oconf\u00e9rence en personne Accepte des nouveaux clients services POUR \u00e9tudiants Services de th\u00e9rapie: Anxi\u00e9t\u00e9 | Stress, D\u00e9pression, Difficult\u00e9s relationnelles, Crises de panique | Trouble panique, Identit\u00e9 et expression de genre, Surmenage | \u00c9puisement professionnel, Traumatisme | Agression, Trouble&hellip;","_links":{"self":[{"href":"https:\/\/psymontreal.com\/rendez-vous\/wp-json\/wp\/v2\/pages\/209","targetHints":{"allow":["GET"]}}],"collection":[{"href":"https:\/\/psymontreal.com\/rendez-vous\/wp-json\/wp\/v2\/pages"}],"about":[{"href":"https:\/\/psymontreal.com\/rendez-vous\/wp-json\/wp\/v2\/types\/page"}],"author":[{"embeddable":true,"href":"https:\/\/psymontreal.com\/rendez-vous\/wp-json\/wp\/v2\/users\/1"}],"replies":[{"embeddable":true,"href":"https:\/\/psymontreal.com\/rendez-vous\/wp-json\/wp\/v2\/comments?post=209"}],"version-history":[{"count":0,"href":"https:\/\/psymontreal.com\/rendez-vous\/wp-json\/wp\/v2\/pages\/209\/revisions"}],"wp:attachment":[{"href":"https:\/\/psymontreal.com\/rendez-vous\/wp-json\/wp\/v2\/media?parent=209"}],"curies":[{"name":"wp","href":"https:\/\/api.w.org\/{rel}","templated":true}]}}