{"id":363,"date":"2023-12-27T00:28:15","date_gmt":"2023-12-27T05:28:15","guid":{"rendered":"https:\/\/psymontreal.com\/rendez-vous\/?page_id=363"},"modified":"2023-12-27T00:38:45","modified_gmt":"2023-12-27T05:38:45","slug":"qflrf459","status":"publish","type":"page","link":"https:\/\/psymontreal.com\/rendez-vous\/qflrf459\/","title":{"rendered":"Leily Rojas-Ferreira \u2013 FR \u2013 Adultes"},"content":{"rendered":"<p><span><img decoding=\"async\" alt=\"\" data-id=\"739\" width=\"279\" data-init-width=\"500\" data-init-height=\"500\" title=\"\" loading=\"lazy\" src=\"https:\/\/psymontreal.com\/rendez-vous\/wp-content\/uploads\/sites\/5\/2023\/12\/l-rojas-ferreira.jpg\" data-width=\"279\" style=\"aspect-ratio: auto 500 \/ 500;\" height=\"279\" data-height=\"279\"><\/span><\/p>\n<p style=\"\"><strong>Leily Rojas-Ferreira<\/strong><\/p>\n<p style=\"\">B.A., Candidate \u00e0 la ma\u00eetrise en psychologie du counselling<\/p>\n<p style=\"\"><strong>Services offerts:<\/strong><\/p>\n<ul>\n<li style=\"\"><span>par t\u00e9l\u00e9phone<\/span><\/li>\n<li style=\"\"><span>par vid\u00e9oconf\u00e9rence<\/span><\/li>\n<li style=\"\"><span>en personne<\/span><\/li>\n<\/ul>\n<p style=\"text-align: left;\">Accepte des nouveaux clients<\/p>\n<p style=\"text-align: left;\"><strong>services POUR adultEs<\/strong><\/p>\n<p style=\"\"><strong>Services de th\u00e9rapie:<\/strong> Anxi\u00e9t\u00e9 | Stress, D\u00e9pression, Difficult\u00e9s relationnelles, Crises de panique | Trouble panique, D\u00e9pendances (drogues | alcool), Pleine conscience, Surmenage | \u00c9puisement professionnel, Traumatisme | Agression, Trouble bipolaire | Sautes d\u2019humeur, Trouble du d\u00e9ficit de l\u2019attention (TDA\/TDAH), Trouble obsessionnel compulsif (TOC)<\/p>\n","protected":false},"excerpt":{"rendered":"<p>Leily Rojas-Ferreira B.A., Candidate \u00e0 la ma\u00eetrise en psychologie du counselling Services offerts: par t\u00e9l\u00e9phone par vid\u00e9oconf\u00e9rence en personne Accepte des nouveaux clients services POUR adultEs Services de th\u00e9rapie: Anxi\u00e9t\u00e9 | Stress, D\u00e9pression, Difficult\u00e9s relationnelles, Crises de panique | Trouble panique, D\u00e9pendances (drogues | alcool), Pleine conscience, Surmenage | \u00c9puisement professionnel, Traumatisme | Agression, Trouble [&hellip;]<\/p>\n","protected":false},"author":1,"featured_media":0,"parent":0,"menu_order":0,"comment_status":"closed","ping_status":"closed","template":"","meta":{"_uag_custom_page_level_css":"","site-sidebar-layout":"default","site-content-layout":"","ast-site-content-layout":"default","site-content-style":"default","site-sidebar-style":"default","ast-global-header-display":"","ast-banner-title-visibility":"","ast-main-header-display":"","ast-hfb-above-header-display":"","ast-hfb-below-header-display":"","ast-hfb-mobile-header-display":"","site-post-title":"disabled","ast-breadcrumbs-content":"","ast-featured-img":"","footer-sml-layout":"","ast-disable-related-posts":"","theme-transparent-header-meta":"","adv-header-id-meta":"","stick-header-meta":"","header-above-stick-meta":"","header-main-stick-meta":"","header-below-stick-meta":"","astra-migrate-meta-layouts":"default","ast-page-background-enabled":"default","ast-page-background-meta":{"desktop":{"background-color":"var(--ast-global-color-4)","background-image":"","background-repeat":"repeat","background-position":"center center","background-size":"auto","background-attachment":"scroll","background-type":"","background-media":"","overlay-type":"","overlay-color":"","overlay-opacity":"","overlay-gradient":""},"tablet":{"background-color":"","background-image":"","background-repeat":"repeat","background-position":"center center","background-size":"auto","background-attachment":"scroll","background-type":"","background-media":"","overlay-type":"","overlay-color":"","overlay-opacity":"","overlay-gradient":""},"mobile":{"background-color":"","background-image":"","background-repeat":"repeat","background-position":"center center","background-size":"auto","background-attachment":"scroll","background-type":"","background-media":"","overlay-type":"","overlay-color":"","overlay-opacity":"","overlay-gradient":""}},"ast-content-background-meta":{"desktop":{"background-color":"var(--ast-global-color-5)","background-image":"","background-repeat":"repeat","background-position":"center center","background-size":"auto","background-attachment":"scroll","background-type":"","background-media":"","overlay-type":"","overlay-color":"","overlay-opacity":"","overlay-gradient":""},"tablet":{"background-color":"var(--ast-global-color-5)","background-image":"","background-repeat":"repeat","background-position":"center center","background-size":"auto","background-attachment":"scroll","background-type":"","background-media":"","overlay-type":"","overlay-color":"","overlay-opacity":"","overlay-gradient":""},"mobile":{"background-color":"var(--ast-global-color-5)","background-image":"","background-repeat":"repeat","background-position":"center center","background-size":"auto","background-attachment":"scroll","background-type":"","background-media":"","overlay-type":"","overlay-color":"","overlay-opacity":"","overlay-gradient":""}},"footnotes":""},"class_list":["post-363","page","type-page","status-publish","hentry"],"uagb_featured_image_src":{"full":false,"thumbnail":false,"medium":false,"medium_large":false,"large":false,"1536x1536":false,"2048x2048":false},"uagb_author_info":{"display_name":"PsyMontr\u00e9al","author_link":"https:\/\/psymontreal.com\/rendez-vous\/author\/a5-pm-31\/"},"uagb_comment_info":0,"uagb_excerpt":"Leily Rojas-Ferreira B.A., Candidate \u00e0 la ma\u00eetrise en psychologie du counselling Services offerts: par t\u00e9l\u00e9phone par vid\u00e9oconf\u00e9rence en personne Accepte des nouveaux clients services POUR adultEs Services de th\u00e9rapie: Anxi\u00e9t\u00e9 | Stress, D\u00e9pression, Difficult\u00e9s relationnelles, Crises de panique | Trouble panique, D\u00e9pendances (drogues | alcool), Pleine conscience, Surmenage | \u00c9puisement professionnel, Traumatisme | Agression, Trouble&hellip;","_links":{"self":[{"href":"https:\/\/psymontreal.com\/rendez-vous\/wp-json\/wp\/v2\/pages\/363","targetHints":{"allow":["GET"]}}],"collection":[{"href":"https:\/\/psymontreal.com\/rendez-vous\/wp-json\/wp\/v2\/pages"}],"about":[{"href":"https:\/\/psymontreal.com\/rendez-vous\/wp-json\/wp\/v2\/types\/page"}],"author":[{"embeddable":true,"href":"https:\/\/psymontreal.com\/rendez-vous\/wp-json\/wp\/v2\/users\/1"}],"replies":[{"embeddable":true,"href":"https:\/\/psymontreal.com\/rendez-vous\/wp-json\/wp\/v2\/comments?post=363"}],"version-history":[{"count":0,"href":"https:\/\/psymontreal.com\/rendez-vous\/wp-json\/wp\/v2\/pages\/363\/revisions"}],"wp:attachment":[{"href":"https:\/\/psymontreal.com\/rendez-vous\/wp-json\/wp\/v2\/media?parent=363"}],"curies":[{"name":"wp","href":"https:\/\/api.w.org\/{rel}","templated":true}]}}