{"id":741,"date":"2023-12-27T00:41:11","date_gmt":"2023-12-27T05:41:11","guid":{"rendered":"https:\/\/psymontreal.com\/rendez-vous\/?page_id=741"},"modified":"2023-12-27T00:42:46","modified_gmt":"2023-12-27T05:42:46","slug":"qfslrf618","status":"publish","type":"page","link":"https:\/\/psymontreal.com\/rendez-vous\/qfslrf618\/","title":{"rendered":"Leily Rojas-Ferreira \u2013 FR \u2013 \u00c9tudiants"},"content":{"rendered":"<p><span><img decoding=\"async\" alt=\"\" data-id=\"739\" width=\"279\" data-init-width=\"500\" data-init-height=\"500\" title=\"\" loading=\"lazy\" src=\"https:\/\/psymontreal.com\/rendez-vous\/wp-content\/uploads\/sites\/5\/2023\/12\/l-rojas-ferreira.jpg\" data-width=\"279\" style=\"aspect-ratio: auto 500 \/ 500;\" height=\"279\" data-height=\"279\"><\/span><\/p>\n<p style=\"\"><strong>Leily Rojas-Ferreira<\/strong><\/p>\n<p style=\"\">B.A., Candidate \u00e0 la ma\u00eetrise en psychologie du counselling<\/p>\n<p style=\"\"><strong>Services offerts:<\/strong><\/p>\n<ul>\n<li style=\"\"><span>par t\u00e9l\u00e9phone<\/span><\/li>\n<li style=\"\"><span>par vid\u00e9oconf\u00e9rence<\/span><\/li>\n<li style=\"\"><span>en personne<\/span><\/li>\n<\/ul>\n<p style=\"text-align: left;\">Accepte des nouveaux clients<\/p>\n<p style=\"text-align: left;\"><strong>services POUR \u00e9tudiants<\/strong><\/p>\n<p style=\"\"><strong>Services de th\u00e9rapie:<\/strong> Anxi\u00e9t\u00e9 | Stress, D\u00e9pression, Difficult\u00e9s relationnelles, Crises de panique | Trouble panique, D\u00e9pendances (drogues | alcool), Pleine conscience, Surmenage | \u00c9puisement professionnel, Traumatisme | Agression, Trouble bipolaire | Sautes d\u2019humeur, Trouble du d\u00e9ficit de l\u2019attention (TDA\/TDAH), Trouble obsessionnel compulsif (TOC)<\/p>\n","protected":false},"excerpt":{"rendered":"<p>Leily Rojas-Ferreira B.A., Candidate \u00e0 la ma\u00eetrise en psychologie du counselling Services offerts: par t\u00e9l\u00e9phone par vid\u00e9oconf\u00e9rence en personne Accepte des nouveaux clients services POUR \u00e9tudiants Services de th\u00e9rapie: Anxi\u00e9t\u00e9 | Stress, D\u00e9pression, Difficult\u00e9s relationnelles, Crises de panique | Trouble panique, D\u00e9pendances (drogues | alcool), Pleine conscience, Surmenage | \u00c9puisement professionnel, Traumatisme | Agression, Trouble [&hellip;]<\/p>\n","protected":false},"author":1,"featured_media":0,"parent":0,"menu_order":0,"comment_status":"closed","ping_status":"closed","template":"","meta":{"_uag_custom_page_level_css":"","site-sidebar-layout":"default","site-content-layout":"","ast-site-content-layout":"default","site-content-style":"default","site-sidebar-style":"default","ast-global-header-display":"","ast-banner-title-visibility":"","ast-main-header-display":"","ast-hfb-above-header-display":"","ast-hfb-below-header-display":"","ast-hfb-mobile-header-display":"","site-post-title":"disabled","ast-breadcrumbs-content":"","ast-featured-img":"","footer-sml-layout":"","ast-disable-related-posts":"","theme-transparent-header-meta":"","adv-header-id-meta":"","stick-header-meta":"","header-above-stick-meta":"","header-main-stick-meta":"","header-below-stick-meta":"","astra-migrate-meta-layouts":"default","ast-page-background-enabled":"default","ast-page-background-meta":{"desktop":{"background-color":"var(--ast-global-color-4)","background-image":"","background-repeat":"repeat","background-position":"center center","background-size":"auto","background-attachment":"scroll","background-type":"","background-media":"","overlay-type":"","overlay-color":"","overlay-opacity":"","overlay-gradient":""},"tablet":{"background-color":"","background-image":"","background-repeat":"repeat","background-position":"center center","background-size":"auto","background-attachment":"scroll","background-type":"","background-media":"","overlay-type":"","overlay-color":"","overlay-opacity":"","overlay-gradient":""},"mobile":{"background-color":"","background-image":"","background-repeat":"repeat","background-position":"center center","background-size":"auto","background-attachment":"scroll","background-type":"","background-media":"","overlay-type":"","overlay-color":"","overlay-opacity":"","overlay-gradient":""}},"ast-content-background-meta":{"desktop":{"background-color":"var(--ast-global-color-5)","background-image":"","background-repeat":"repeat","background-position":"center center","background-size":"auto","background-attachment":"scroll","background-type":"","background-media":"","overlay-type":"","overlay-color":"","overlay-opacity":"","overlay-gradient":""},"tablet":{"background-color":"var(--ast-global-color-5)","background-image":"","background-repeat":"repeat","background-position":"center center","background-size":"auto","background-attachment":"scroll","background-type":"","background-media":"","overlay-type":"","overlay-color":"","overlay-opacity":"","overlay-gradient":""},"mobile":{"background-color":"var(--ast-global-color-5)","background-image":"","background-repeat":"repeat","background-position":"center center","background-size":"auto","background-attachment":"scroll","background-type":"","background-media":"","overlay-type":"","overlay-color":"","overlay-opacity":"","overlay-gradient":""}},"footnotes":"","tve_updated_post":"<div class=\"thrv_wrapper thrv-columns\" style=\"--tcb-col-el-width: 1020;\" data-css=\"tve-u-1845f42c40f\"><div class=\"tcb-flex-row v-2 tcb-resized tcb--cols--2\" data-css=\"tve-u-1845f42c411\" style=\"\"><div class=\"tcb-flex-col c-33\" data-css=\"tve-u-1845f42c412\" style=\"\"><div class=\"tcb-col\" data-css=\"tve-u-1845f42c413\" style=\"\"><div class=\"thrv_wrapper tve_image_caption\" data-css=\"tve-u-1845f42c414\" style=\"width: 283.562px;\"><span class=\"tve_image_frame\"><img class=\"tve_image wp-image-739\" alt=\"\" data-id=\"739\" width=\"279\" data-init-width=\"500\" data-init-height=\"500\" title=\"\" loading=\"lazy\" src=\"https:\/\/psymontreal.com\/rendez-vous\/wp-content\/uploads\/sites\/5\/2023\/12\/l-rojas-ferreira.jpg\" data-width=\"279\" data-css=\"tve-u-1845f42c416\" style=\"aspect-ratio: auto 500 \/ 500;\" height=\"279\" data-height=\"279\"><\/span><\/div><div class=\"thrv_wrapper thrv_text_element\"><p data-css=\"tve-u-1845f42c417\" style=\"\"><strong>Leily Rojas-Ferreira<\/strong><\/p><\/div><div class=\"thrv_wrapper thrv_text_element\"><p data-css=\"tve-u-1845f42c418\" style=\"\">B.A., Candidate \u00e0 la ma\u00eetrise en psychologie du counselling<\/p><\/div><div class=\"thrv_wrapper thrv_text_element\" style=\"\" data-css=\"tve-u-1845f42c419\"><p data-css=\"tve-u-1845f42c41a\" style=\"\"><strong>Services offerts:<\/strong><\/p><\/div><div class=\"thrv_wrapper thrv-styled_list\" data-icon-code=\"icon-phone-alt-solid\" style=\"\" data-css=\"tve-u-1845f42c41b\"><ul class=\"tcb-styled-list\"><li class=\"thrv-styled-list-item\" data-css=\"tve-u-1845f42c41c\" style=\"\"><div class=\"tcb-styled-list-icon\"><div class=\"thrv_wrapper thrv_icon tve_no_drag tcb-no-delete tcb-no-clone tcb-no-save tcb-icon-inherit-style tcb-local-vars-root tcb-icon-display tcb-excluded-from-group-item\" data-css=\"tve-u-1845f42c41d\" style=\"\"><svg class=\"tcb-icon\" viewBox=\"0 0 512 512\" data-id=\"icon-phone-alt-solid\" data-name=\"\" style=\"\"><path d=\"M497.39 361.8l-112-48a24 24 0 0 0-28 6.9l-49.6 60.6A370.66 370.66 0 0 1 130.6 204.11l60.6-49.6a23.94 23.94 0 0 0 6.9-28l-48-112A24.16 24.16 0 0 0 122.6.61l-104 24A24 24 0 0 0 0 48c0 256.5 207.9 464 464 464a24 24 0 0 0 23.4-18.6l24-104a24.29 24.29 0 0 0-14.01-27.6z\"><\/path><\/svg><\/div><\/div><span class=\"thrv-advanced-inline-text tve_editable tcb-styled-list-icon-text tcb-no-delete tcb-no-save\" data-css=\"tve-u-1845f42c41f\">par t\u00e9l\u00e9phone<\/span><\/li><li class=\"thrv-styled-list-item\" data-css=\"tve-u-1845f42c420\" style=\"\"><div class=\"tcb-styled-list-icon\"><div class=\"thrv_wrapper thrv_icon tve_no_drag tcb-no-delete tcb-no-clone tcb-no-save tcb-icon-inherit-style tcb-icon-display tcb-local-vars-root tcb-excluded-from-group-item\" data-css=\"tve-u-1845f42c421\" style=\"\"><svg class=\"tcb-icon\" viewBox=\"0 0 576 512\" data-id=\"icon-video-solid\" data-name=\"\" style=\"\"><path d=\"M336.2 64H47.8C21.4 64 0 85.4 0 111.8v288.4C0 426.6 21.4 448 47.8 448h288.4c26.4 0 47.8-21.4 47.8-47.8V111.8c0-26.4-21.4-47.8-47.8-47.8zm189.4 37.7L416 177.3v157.4l109.6 75.5c21.2 14.6 50.4-.3 50.4-25.8V127.5c0-25.4-29.1-40.4-50.4-25.8z\"><\/path><\/svg><\/div><\/div><span class=\"thrv-advanced-inline-text tve_editable tcb-styled-list-icon-text tcb-no-delete tcb-no-save\" data-css=\"tve-u-1845f42c422\">par vid\u00e9oconf\u00e9rence<\/span><\/li><li class=\"thrv-styled-list-item\" data-css=\"tve-u-1845f42c420\" style=\"\"><div class=\"tcb-styled-list-icon\"><div class=\"thrv_wrapper thrv_icon tve_no_drag tcb-no-delete tcb-no-clone tcb-no-save tcb-icon-inherit-style tcb-icon-display tcb-local-vars-root tcb-excluded-from-group-item\" data-css=\"tve-u-1845f42c421\" style=\"\"><svg class=\"tcb-icon\" viewBox=\"0 0 24 24\" data-id=\"icon-account-multiple-solid\" data-name=\"\"><path d=\"M16 17V19H2V17S2 13 9 13 16 17 16 17M12.5 7.5A3.5 3.5 0 1 0 9 11A3.5 3.5 0 0 0 12.5 7.5M15.94 13A5.32 5.32 0 0 1 18 17V19H22V17S22 13.37 15.94 13M15 4A3.39 3.39 0 0 0 13.07 4.59A5 5 0 0 1 13.07 10.41A3.39 3.39 0 0 0 15 11A3.5 3.5 0 0 0 15 4Z\"><\/path><\/svg><\/div><\/div><span class=\"thrv-advanced-inline-text tve_editable tcb-styled-list-icon-text tcb-no-delete tcb-no-save\" data-css=\"tve-u-1845f42c422\">en personne<\/span><\/li><\/ul><\/div><\/div><\/div><div class=\"tcb-flex-col c-66\" data-css=\"tve-u-1845f42c423\" style=\"\"><div class=\"tcb-col\"><div class=\"thrv_wrapper thrv-columns\" style=\"--tcb-col-el-width: 685.688;\" data-css=\"tve-u-1845f42c424\"><div class=\"tcb-flex-row v-2 tcb--cols--3 tcb-resized tcb-medium-no-wrap tcb-mobile-wrap m-edit\" data-css=\"tve-u-1845f42c425\" style=\"\"><div class=\"tcb-flex-col\" data-css=\"tve-u-1845f42c427\" style=\"\"><div class=\"tcb-col\"><div class=\"thrv_wrapper thrv_icon tcb-icon-display tcb-local-vars-root\" data-css=\"tve-u-1845f42c428\" style=\"\"><svg class=\"tcb-icon\" viewBox=\"0 0 512 512\" data-id=\"icon-check-circle-solid\" data-name=\"\"><path d=\"M504 256c0 136.967-111.033 248-248 248S8 392.967 8 256 119.033 8 256 8s248 111.033 248 248zM227.314 387.314l184-184c6.248-6.248 6.248-16.379 0-22.627l-22.627-22.627c-6.248-6.249-16.379-6.249-22.628 0L216 308.118l-70.059-70.059c-6.248-6.248-16.379-6.248-22.628 0l-22.627 22.627c-6.248 6.248-6.248 16.379 0 22.627l104 104c6.249 6.249 16.379 6.249 22.628.001z\"><\/path><\/svg><\/div><\/div><\/div><div class=\"tcb-flex-col\" data-css=\"tve-u-1845f42c429\" style=\"\"><div class=\"tcb-col\"><div class=\"thrv_wrapper thrv_text_element\" style=\"\" data-css=\"tve-u-1845f42c42a\"><p data-css=\"tve-u-1845f42c42b\" style=\"text-align: left;\">Accepte des nouveaux clients<\/p><\/div><\/div><\/div><div class=\"tcb-flex-col\" data-css=\"tve-u-1845f42c42c\" style=\"\"><div class=\"tcb-col\"><div class=\"thrv_wrapper thrv_text_element\" style=\"\" data-css=\"tve-u-1845f42c42e\"><p data-css=\"tve-u-1845f42c42f\" style=\"text-align: left;\"><strong>services POUR \u00e9tudiants<\/strong><\/p><\/div><\/div><\/div><\/div><\/div><div class=\"thrv_wrapper thrv_custom_html_shortcode\" data-css=\"tve-u-1845f42c430\" style=\"\"><iframe style=\"border:none; width:100%; height: 400px;\" src=\"https:\/\/www.gorendezvous.com\/bookingwidget\/?companyId=107988&amp;eids=170995&amp;lids=17940&amp;stype=Psychoth%C3%A9rapie%20pour%20les%20membres%20de%20l%E2%80%99ASEQ%20%20%7C%20%20Psychotherapy%20for%20Studentcare%20members\"><\/iframe><div class=\"tve_iframe_cover\"><\/div><\/div><div class=\"thrv_wrapper thrv_text_element\" data-css=\"tve-u-1845f42c431\" style=\"\">\t<p style=\"\" data-css=\"tve-u-1845f42c432\"><strong>Services de th\u00e9rapie:<\/strong> Anxi\u00e9t\u00e9 | Stress, D\u00e9pression, Difficult\u00e9s relationnelles, Crises de panique | Trouble panique, D\u00e9pendances (drogues | alcool), Pleine conscience, Surmenage | \u00c9puisement professionnel, Traumatisme | Agression, Trouble bipolaire | Sautes d\u2019humeur, Trouble du d\u00e9ficit de l\u2019attention (TDA\/TDAH), Trouble obsessionnel compulsif (TOC)<\/p><\/div><\/div><\/div><\/div><\/div>","tve_custom_css":"@media (min-width: 300px){[data-css=\"tve-u-1845f42c40f\"] { --tve-border-width: 2px; border: 2px solid rgb(0, 172, 189); --tve-applied-border: 2px solid rgb(0,172,189); margin-top: 0px !important; margin-bottom: 0px !important; }[data-css=\"tve-u-1845f42c411\"] { padding-left: 15px !important; padding-right: 15px !important; }[data-css=\"tve-u-1845f42c412\"] { max-width: 29.9981%; }[data-css=\"tve-u-1845f42c413\"] { --tve-border-width: 1px; border-right: 1px solid rgb(0, 172, 189) !important; border-top: none !important; padding-right: 5px !important; padding-left: 0px !important; }[data-css=\"tve-u-1845f42c414\"] { width: 296px; margin-top: 0px !important; margin-bottom: 30px !important; }:not(#tve) [data-css=\"tve-u-1845f42c417\"] { font-size: 20px !important; line-height: 0.5em !important; color: rgb(0, 172, 189) !important; --tcb-applied-color: rgb(0,172,189) !important; --tve-applied-color: rgb(0,172,189) !important; }:not(#tve) [data-css=\"tve-u-1845f42c418\"] { font-size: 16px !important; }[data-css=\"tve-u-1845f42c419\"] { margin-top: 20px !important; }:not(#tve) [data-css=\"tve-u-1845f42c41a\"] { font-size: 18px !important; line-height: 0.5em !important; color: rgb(0, 172, 189) !important; --tcb-applied-color: rgb(0,172,189) !important; --tve-applied-color: rgb(0,172,189) !important; }[data-css=\"tve-u-1845f42c41b\"] { margin-top: 0px !important; padding-top: 0px !important; }[data-css=\"tve-u-1845f42c41c\"] { padding-bottom: 0px !important; }[data-css=\"tve-u-1845f42c41d\"] { --tcb-local-color-icon: rgb(0,172,189); --tcb-local-color-var: rgb(0,172,189); --tve-icon-size: 18px; }:not(#tve) [data-css=\"tve-u-1845f42c41d\"] > :first-child { color: rgb(0, 172, 189); --tve-applied-color: rgb(0,172,189); }[data-css=\"tve-u-1845f42c420\"] { padding-bottom: 0px !important; }[data-css=\"tve-u-1845f42c421\"] { --tcb-local-color-icon: rgb(0,172,189); --tcb-local-color-var: rgb(0,172,189); --tve-icon-size: 18px; }:not(#tve) [data-css=\"tve-u-1845f42c421\"] > :first-child { color: rgb(0, 172, 189); --tve-applied-color: rgb(0,172,189); }[data-css=\"tve-u-1845f42c423\"] { max-width: 70%; }[data-css=\"tve-u-1845f42c424\"] { margin-top: 0px !important; margin-bottom: 0px !important; background-image: linear-gradient(rgba(0, 172, 189, 0.12), rgba(0, 172, 189, 0.12)) !important; --background-image: linear-gradient(rgba(0,172,189,0.12),rgba(0,172,189,0.12)) !important; --tve-applied-background-image: linear-gradient(rgba(0,172,189,0.12),rgba(0,172,189,0.12)) !important; background-size: auto !important; background-position: 50% 50% !important; background-attachment: scroll !important; background-repeat: no-repeat !important; --background-size: auto !important; --background-position: 50% 50% !important; --background-attachment: scroll !important; --background-repeat: no-repeat !important; }[data-css=\"tve-u-1845f42c425\"] { padding: 4px 10px !important; }[data-css=\"tve-u-1845f42c427\"] { max-width: 4.19928%; }[data-css=\"tve-u-1845f42c428\"] { font-size: 17px; margin-left: auto; margin-right: auto; --tcb-local-color-icon: rgb(38,204,64); --tcb-local-color-var: rgb(38,204,64); --tve-icon-size: 17px; width: 17px; height: 17px; margin-top: 5px !important; margin-bottom: 0px !important; }:not(#tve) [data-css=\"tve-u-1845f42c428\"] > :first-child { color: rgb(38, 204, 64); --tve-applied-color: rgb(38,204,64); }[data-css=\"tve-u-1845f42c429\"] { max-width: 55%; }[data-css=\"tve-u-1845f42c42a\"] { background-image: none !important; --background-image: none !important; --tve-applied-background-image: none !important; }:not(#tve) [data-css=\"tve-u-1845f42c42b\"] { text-transform: uppercase !important; line-height: 1.8em !important; padding-bottom: 0px !important; margin-bottom: 0px !important; font-weight: var(--g-regular-weight,normal) !important; }[data-css=\"tve-u-1845f42c42c\"] { max-width: 40.8%; }[data-css=\"tve-u-1845f42c42e\"] { background-image: none !important; --background-image: none !important; --tve-applied-background-image: none !important; }:not(#tve) [data-css=\"tve-u-1845f42c42f\"] { text-transform: uppercase !important; line-height: 1.8em !important; padding-bottom: 0px !important; margin-bottom: 0px !important; font-weight: var(--g-regular-weight,normal) !important; }[data-css=\"tve-u-1845f42c430\"] { margin-top: 0px !important; }[data-css=\"tve-u-1845f42c431\"] { --tve-border-width: 1px; border-top: 1px solid rgb(0, 172, 189) !important; border-bottom: none !important; padding-top: 10px !important; }:not(#tve) [data-css=\"tve-u-1845f42c432\"] { font-size: 16px !important; }}@media (max-width: 1023px){[data-css=\"tve-u-1845f42c425\"] { flex-wrap: nowrap !important; }}@media (max-width: 767px){[data-css=\"tve-u-1845f42c425\"] { flex-wrap: wrap !important; }[data-css=\"tve-u-1845f42c425\"] > .tcb-flex-col { flex-basis: 390px !important; }}","tve_user_custom_css":"","tve_globals":{"e":"1","font_cls":[]},"tcb2_ready":1,"tcb_editor_enabled":1,"tve_landing_page":"","_tve_header":"","_tve_footer":""},"class_list":["post-741","page","type-page","status-publish","hentry"],"uagb_featured_image_src":{"full":false,"thumbnail":false,"medium":false,"medium_large":false,"large":false,"1536x1536":false,"2048x2048":false},"uagb_author_info":{"display_name":"PsyMontr\u00e9al","author_link":"https:\/\/psymontreal.com\/rendez-vous\/author\/a5-pm-31\/"},"uagb_comment_info":0,"uagb_excerpt":"Leily Rojas-Ferreira B.A., Candidate \u00e0 la ma\u00eetrise en psychologie du counselling Services offerts: par t\u00e9l\u00e9phone par vid\u00e9oconf\u00e9rence en personne Accepte des nouveaux clients services POUR \u00e9tudiants Services de th\u00e9rapie: Anxi\u00e9t\u00e9 | Stress, D\u00e9pression, Difficult\u00e9s relationnelles, Crises de panique | Trouble panique, D\u00e9pendances (drogues | alcool), Pleine conscience, Surmenage | \u00c9puisement professionnel, Traumatisme | Agression, Trouble&hellip;","_links":{"self":[{"href":"https:\/\/psymontreal.com\/rendez-vous\/wp-json\/wp\/v2\/pages\/741","targetHints":{"allow":["GET"]}}],"collection":[{"href":"https:\/\/psymontreal.com\/rendez-vous\/wp-json\/wp\/v2\/pages"}],"about":[{"href":"https:\/\/psymontreal.com\/rendez-vous\/wp-json\/wp\/v2\/types\/page"}],"author":[{"embeddable":true,"href":"https:\/\/psymontreal.com\/rendez-vous\/wp-json\/wp\/v2\/users\/1"}],"replies":[{"embeddable":true,"href":"https:\/\/psymontreal.com\/rendez-vous\/wp-json\/wp\/v2\/comments?post=741"}],"version-history":[{"count":0,"href":"https:\/\/psymontreal.com\/rendez-vous\/wp-json\/wp\/v2\/pages\/741\/revisions"}],"wp:attachment":[{"href":"https:\/\/psymontreal.com\/rendez-vous\/wp-json\/wp\/v2\/media?parent=741"}],"curies":[{"name":"wp","href":"https:\/\/api.w.org\/{rel}","templated":true}]}}